{"id":659,"date":"2023-07-25T13:09:52","date_gmt":"2023-07-25T11:09:52","guid":{"rendered":"https:\/\/pnb-relocation.de\/?page_id=659"},"modified":"2025-08-18T12:03:48","modified_gmt":"2025-08-18T10:03:48","slug":"karriere","status":"publish","type":"page","link":"https:\/\/pnb-solutions.de\/en\/karriere\/","title":{"rendered":"Karriere"},"content":{"rendered":"<div data-elementor-type=\"wp-page\" data-elementor-id=\"659\" class=\"elementor elementor-659\" data-elementor-post-type=\"page\">\n\t\t\t\t\t\t<section class=\"elementor-section elementor-top-section elementor-element elementor-element-a203b60 elementor-section-height-min-height elementor-reverse-mobile elementor-section-boxed elementor-section-height-default elementor-section-items-middle\" data-id=\"a203b60\" data-element_type=\"section\" data-settings=\"{&quot;background_background&quot;:&quot;classic&quot;}\">\n\t\t\t\t\t\t\t<div class=\"elementor-background-overlay\"><\/div>\n\t\t\t\t\t\t\t<div class=\"elementor-container elementor-column-gap-default\">\n\t\t\t\t\t<div class=\"elementor-column elementor-col-100 elementor-top-column elementor-element elementor-element-1768d34c\" data-id=\"1768d34c\" data-element_type=\"column\">\n\t\t\t<div class=\"elementor-widget-wrap elementor-element-populated\">\n\t\t\t\t\t\t<div class=\"elementor-element elementor-element-502014c4 de_scroll_animation_no elementor-invisible elementor-widget elementor-widget-heading\" data-id=\"502014c4\" data-element_type=\"widget\" data-settings=\"{&quot;_animation&quot;:&quot;fadeInUp&quot;}\" data-widget_type=\"heading.default\">\n\t\t\t\t<div class=\"elementor-widget-container\">\n\t\t\t<h1 class=\"elementor-heading-title elementor-size-default\">Karriere<\/h1>\t\t<\/div>\n\t\t\t\t<\/div>\n\t\t\t\t\t<\/div>\n\t\t<\/div>\n\t\t\t\t\t<\/div>\n\t\t<\/section>\n\t\t\t\t<section class=\"elementor-section elementor-top-section elementor-element elementor-element-1244b8c5 elementor-section-boxed elementor-section-height-default elementor-section-height-default elementor-invisible\" data-id=\"1244b8c5\" data-element_type=\"section\" data-settings=\"{&quot;animation&quot;:&quot;fadeIn&quot;,&quot;background_background&quot;:&quot;classic&quot;}\">\n\t\t\t\t\t\t\t<div class=\"elementor-background-overlay\"><\/div>\n\t\t\t\t\t\t\t<div class=\"elementor-container elementor-column-gap-default\">\n\t\t\t\t\t<div class=\"elementor-column elementor-col-100 elementor-top-column elementor-element elementor-element-1536e2ef\" data-id=\"1536e2ef\" data-element_type=\"column\" data-settings=\"{&quot;background_background&quot;:&quot;classic&quot;}\">\n\t\t\t<div class=\"elementor-widget-wrap elementor-element-populated\">\n\t\t\t\t\t\t<div class=\"elementor-element elementor-element-7aa5c0a1 de_scroll_animation_no elementor-invisible elementor-widget elementor-widget-text-editor\" data-id=\"7aa5c0a1\" data-element_type=\"widget\" data-settings=\"{&quot;_animation&quot;:&quot;fadeInUp&quot;}\" data-widget_type=\"text-editor.default\">\n\t\t\t\t<div class=\"elementor-widget-container\">\n\t\t\t\t\t\t\t<p>Jetzt unserem Team beitreten<\/p>\t\t\t\t\t\t<\/div>\n\t\t\t\t<\/div>\n\t\t\t\t<div class=\"elementor-element elementor-element-339efe95 de_scroll_animation_no elementor-invisible elementor-widget elementor-widget-heading\" data-id=\"339efe95\" data-element_type=\"widget\" data-settings=\"{&quot;_animation&quot;:&quot;fadeInUp&quot;,&quot;_animation_delay&quot;:200}\" data-widget_type=\"heading.default\">\n\t\t\t\t<div class=\"elementor-widget-container\">\n\t\t\t<h2 class=\"elementor-heading-title elementor-size-default\">Wir freuen uns immer neue, kulturell aufgeschlossene K\u00f6pfe in unserem Team begr\u00fc\u00dfen zu d\u00fcrfen!<\/h2>\t\t<\/div>\n\t\t\t\t<\/div>\n\t\t\t\t<div class=\"elementor-element elementor-element-2e4b91a3 elementor-align-center elementor-tablet-align-center elementor-mobile-align-center de_scroll_animation_no elementor-invisible elementor-widget elementor-widget-button\" data-id=\"2e4b91a3\" data-element_type=\"widget\" data-settings=\"{&quot;_animation&quot;:&quot;fadeInUp&quot;,&quot;_animation_delay&quot;:800}\" data-widget_type=\"button.default\">\n\t\t\t\t<div class=\"elementor-widget-container\">\n\t\t\t\t\t<div class=\"elementor-button-wrapper\">\n\t\t\t<a class=\"elementor-button elementor-button-link elementor-size-sm\" href=\"#elementor-action:action=popup:open&settings=eyJpZCI6IjEzMzYiLCJ0b2dnbGUiOmZhbHNlfQ==\">\n\t\t\t\t\t\t<span class=\"elementor-button-content-wrapper\">\n\t\t\t\t\t\t\t\t\t<span class=\"elementor-button-text\">Jetzt loslegen<\/span>\n\t\t\t\t\t<\/span>\n\t\t\t\t\t<\/a>\n\t\t<\/div>\n\t\t\t\t<\/div>\n\t\t\t\t<\/div>\n\t\t\t\t\t<\/div>\n\t\t<\/div>\n\t\t\t\t\t<\/div>\n\t\t<\/section>\n\t\t\t\t<section class=\"elementor-section elementor-top-section elementor-element elementor-element-007384b elementor-section-boxed elementor-section-height-default elementor-section-height-default\" data-id=\"007384b\" data-element_type=\"section\" data-settings=\"{&quot;background_background&quot;:&quot;classic&quot;}\">\n\t\t\t\t\t\t<div class=\"elementor-container elementor-column-gap-default\">\n\t\t\t\t\t<div class=\"elementor-column elementor-col-100 elementor-top-column elementor-element elementor-element-cba9762\" data-id=\"cba9762\" data-element_type=\"column\">\n\t\t\t<div class=\"elementor-widget-wrap elementor-element-populated\">\n\t\t\t\t\t\t<div class=\"elementor-element elementor-element-48c20c7 de_scroll_animation_no elementor-widget elementor-widget-heading\" data-id=\"48c20c7\" data-element_type=\"widget\" data-widget_type=\"heading.default\">\n\t\t\t\t<div class=\"elementor-widget-container\">\n\t\t\t<h2 class=\"elementor-heading-title elementor-size-default\">Unsere Stellenanzeigen<\/h2>\t\t<\/div>\n\t\t\t\t<\/div>\n\t\t\t\t\t<\/div>\n\t\t<\/div>\n\t\t\t\t\t<\/div>\n\t\t<\/section>\n\t\t\t\t<section class=\"elementor-section elementor-top-section elementor-element elementor-element-54a8974e elementor-section-boxed elementor-section-height-default elementor-section-height-default\" data-id=\"54a8974e\" data-element_type=\"section\" id=\"xs_accor_box_shadow_round\" data-settings=\"{&quot;background_background&quot;:&quot;classic&quot;}\">\n\t\t\t\t\t\t<div class=\"elementor-container elementor-column-gap-default\">\n\t\t\t\t\t<div class=\"elementor-column elementor-col-33 elementor-top-column elementor-element elementor-element-1d7de28\" data-id=\"1d7de28\" data-element_type=\"column\">\n\t\t\t<div class=\"elementor-widget-wrap\">\n\t\t\t\t\t\t\t<\/div>\n\t\t<\/div>\n\t\t\t\t<div class=\"elementor-column elementor-col-33 elementor-top-column elementor-element elementor-element-5733524c\" data-id=\"5733524c\" data-element_type=\"column\">\n\t\t\t<div class=\"elementor-widget-wrap elementor-element-populated\">\n\t\t\t\t\t\t<div class=\"elementor-element elementor-element-640638b6 de_scroll_animation_no elementor-widget elementor-widget-elementskit-accordion\" data-id=\"640638b6\" data-element_type=\"widget\" data-widget_type=\"elementskit-accordion.default\">\n\t\t\t\t<div class=\"elementor-widget-container\">\n\t\t\t<div class=\"ekit-wid-con\" >\n        <div class=\"elementskit-accordion accoedion-primary\" id=\"accordion-69e24d884c615\">\n\n            \n                <div class=\"elementskit-card active\">\n                    <div class=\"elementskit-card-header\" id=\"primaryHeading-0-640638b6\">\n                        <a href=\"#collapse-bc2283069e24d884c615\" class=\"ekit-accordion--toggler elementskit-btn-link collapsed\" data-ekit-toggle=\"collapse\" data-target=\"#Collapse-bc2283069e24d884c615\" aria-expanded=\"true\" aria-controls=\"Collapse-bc2283069e24d884c615\">\n                            \n                            <span class=\"ekit-accordion-title\">Freiberufliche\/r Relocation Consultant (m\/w\/d) in Berlin<\/span>\n\n                            \n                                <div class=\"ekit_accordion_icon_group\">\n                                    <div class=\"ekit_accordion_normal_icon\">\n                                        <!-- Normal Icon -->\n                                                                                        <i class=\"icon icon-arrow-down icon-open icon-right\" aria-hidden=\"true\"><\/i>\n                                                                                    <\/div>\n\n                                    <div class=\"ekit_accordion_active_icon\">\n                                        <!-- Active Icon -->\n                                                                                        <i class=\"icon icon-arrow-up icon-closed icon-right\" aria-hidden=\"true\"><\/i>\n                                                                                    <\/div>\n\n                                <\/div>\n\n                            \n                                                    <\/a>\n                    <\/div>\n\n                    <div id=\"Collapse-bc2283069e24d884c615\" class=\"show collapse\" aria-labelledby=\"primaryHeading-0-640638b6\" data-parent=\"#accordion-69e24d884c615\">\n\n                        <div class=\"elementskit-card-body ekit-accordion--content\">\n                            <p><strong>Werden Teil unseres Teams in Berlin!<\/strong><\/p><p>Wir suchen engagierte und erfahrene Relocation Consultants, die internationale Fachkr\u00e4fte und deren Familien bei ihrer Relocation nach Deutschland unterst\u00fctzen. Wir sind darauf ausgerichtet, den \u00dcbergang in eine neue Heimat so reibungslos und angenehm wie m\u00f6glich zu gestalten.\u00a0<\/p><p><strong>Ihre Aufgaben:<\/strong><\/p><ul><li>Pers\u00f6nliche Betreuung und Unterst\u00fctzung unserer Expats bei der Eingew\u00f6hnung in Berlin.<\/li><li>Hilfestellung bei Beh\u00f6rdeng\u00e4ngen, Kontoer\u00f6ffnungen, Anmeldungen in Kinderg\u00e4rten und Schulen.<\/li><li>Vorauswahl und Begleitung bei Wohnungsbesichtigungen entsprechend den Anforderungen der Expatriates.<\/li><li>Organisation und Koordination aller umzugsrelevanten Angelegenheiten.<\/li><\/ul><p><strong>Ihr Profil:<\/strong><\/p><ul><li>Gute Kenntnisse des Gro\u00dfraums Berlin.<\/li><li>Erfahrung im Umgang mit deutschen Beh\u00f6rden und Kenntnisse des Berliner Immobilienmarkts.<\/li><li>Ausgezeichnete Kommunikationsf\u00e4higkeit und diplomatisches Geschick.<\/li><li>Starke Kundenorientierung und ausgepr\u00e4gter Servicegedanke.<\/li><li>Flie\u00dfende Deutsch- und Englischkenntnisse; eine weitere Sprache ist ein Plus.<\/li><li>G\u00fcltiger F\u00fchrerschein.<\/li><li>Eigene Auslandserfahrung als Expat ist vorteilhaft.<\/li><\/ul><p><strong>Wir bieten:<\/strong><\/p><ul><li>Flexible Arbeitszeiten und faire Verg\u00fctung.<\/li><li>Ein angenehmes Betriebsklima und spannende Aufgaben mit interessanten Kunden.<\/li><li>Fortbildungen und Webinare zur fachlichen Weiterentwicklung.<\/li><\/ul><p><strong>Interessiert?<\/strong><\/p><p>Wenn Sie sich in dieser Beschreibung wiederfinden und Teil unseres dynamischen Teams werden m\u00f6chten, senden Sie uns Ihre Bewerbung zu. Wir freuen uns darauf, Sie kennenzulernen!\u00a0<\/p>                        <\/div>\n\n                    <\/div>\n\n                <\/div><!-- .elementskit-card END -->\n\n                \n                <div class=\"elementskit-card\">\n                    <div class=\"elementskit-card-header\" id=\"primaryHeading-1-640638b6\">\n                        <a href=\"#collapse-8417e7169e24d884c615\" class=\"ekit-accordion--toggler elementskit-btn-link collapsed\" data-ekit-toggle=\"collapse\" data-target=\"#Collapse-8417e7169e24d884c615\" aria-expanded=\"false\" aria-controls=\"Collapse-8417e7169e24d884c615\">\n                            \n                            <span class=\"ekit-accordion-title\"> Freiberufliche\/r Relocation Consultant (m\/w\/d) in Chemnitz<\/span>\n\n                            \n                                <div class=\"ekit_accordion_icon_group\">\n                                    <div class=\"ekit_accordion_normal_icon\">\n                                        <!-- Normal Icon -->\n                                                                                        <i class=\"icon icon-arrow-down icon-open icon-right\" aria-hidden=\"true\"><\/i>\n                                                                                    <\/div>\n\n                                    <div class=\"ekit_accordion_active_icon\">\n                                        <!-- Active Icon -->\n                                                                                        <i class=\"icon icon-arrow-up icon-closed icon-right\" aria-hidden=\"true\"><\/i>\n                                                                                    <\/div>\n\n                                <\/div>\n\n                            \n                                                    <\/a>\n                    <\/div>\n\n                    <div id=\"Collapse-8417e7169e24d884c615\" class=\"collapse\" aria-labelledby=\"primaryHeading-1-640638b6\" data-parent=\"#accordion-69e24d884c615\">\n\n                        <div class=\"elementskit-card-body ekit-accordion--content\">\n                            <p><strong>Werden Sie Teil unseres Teams in Chemnitz!<\/strong><\/p><p>Wir suchen engagierte und erfahrene Relocation Consultants, die internationale Fachkr\u00e4fte und deren Familien bei ihrer Relocation nach Deutschland unterst\u00fctzen. Wir sind darauf ausgerichtet, den \u00dcbergang in eine neue Heimat so reibungslos und angenehm wie m\u00f6glich zu gestalten.\u00a0<\/p><p><strong>Ihre Aufgaben:<\/strong><\/p><ul><li>Pers\u00f6nliche Betreuung und Unterst\u00fctzung unserer Expats bei der Eingew\u00f6hnung in Chemnitz.<\/li><li>Hilfestellung bei Beh\u00f6rdeng\u00e4ngen, Kontoer\u00f6ffnungen, Anmeldungen in Kinderg\u00e4rten und Schulen.<\/li><li>Vorauswahl und Begleitung bei Wohnungsbesichtigungen entsprechend den Anforderungen der Expatriates.<\/li><li>Organisation und Koordination aller umzugsrelevanten Angelegenheiten.<\/li><\/ul><p><strong>Ihr Profil:<\/strong><\/p><ul><li>Gute Kenntnisse des Gro\u00dfraums Chemnitz.<\/li><li>Erfahrung im Umgang mit deutschen Beh\u00f6rden und Kenntnisse des Berliner Immobilienmarkts.<\/li><li>Ausgezeichnete Kommunikationsf\u00e4higkeit und diplomatisches Geschick.<\/li><li>Starke Kundenorientierung und ausgepr\u00e4gter Servicegedanke.<\/li><li>Flie\u00dfende Deutsch- und Englischkenntnisse; eine weitere Sprache ist ein Plus.<\/li><li>G\u00fcltiger F\u00fchrerschein.<\/li><li>Eigene Auslandserfahrung als Expat ist vorteilhaft.<\/li><\/ul><p><strong>Wir bieten:<\/strong><\/p><ul><li>Flexible Arbeitszeiten und faire Verg\u00fctung.<\/li><li>Ein angenehmes Betriebsklima und spannende Aufgaben mit interessanten Kunden.<\/li><li>Fortbildungen und Webinare zur fachlichen Weiterentwicklung.<\/li><\/ul><p><strong>Interessiert?<\/strong><\/p><p>Wenn Sie sich in dieser Beschreibung wiederfinden und Teil unseres dynamischen Teams werden m\u00f6chten, senden Sie uns Ihre Bewerbung zu. Wir freuen uns darauf, Sie kennenzulernen!<\/p>                        <\/div>\n\n                    <\/div>\n\n                <\/div><!-- .elementskit-card END -->\n\n                \n                <div class=\"elementskit-card\">\n                    <div class=\"elementskit-card-header\" id=\"primaryHeading-2-640638b6\">\n                        <a href=\"#collapse-3dad4e069e24d884c615\" class=\"ekit-accordion--toggler elementskit-btn-link collapsed\" data-ekit-toggle=\"collapse\" data-target=\"#Collapse-3dad4e069e24d884c615\" aria-expanded=\"false\" aria-controls=\"Collapse-3dad4e069e24d884c615\">\n                            \n                            <span class=\"ekit-accordion-title\"> Freiberufliche\/r Relocation Consultant (m\/w\/d) in Leipzig<\/span>\n\n                            \n                                <div class=\"ekit_accordion_icon_group\">\n                                    <div class=\"ekit_accordion_normal_icon\">\n                                        <!-- Normal Icon -->\n                                                                                        <i class=\"icon icon-arrow-down icon-open icon-right\" aria-hidden=\"true\"><\/i>\n                                                                                    <\/div>\n\n                                    <div class=\"ekit_accordion_active_icon\">\n                                        <!-- Active Icon -->\n                                                                                        <i class=\"icon icon-arrow-up icon-closed icon-right\" aria-hidden=\"true\"><\/i>\n                                                                                    <\/div>\n\n                                <\/div>\n\n                            \n                                                    <\/a>\n                    <\/div>\n\n                    <div id=\"Collapse-3dad4e069e24d884c615\" class=\"collapse\" aria-labelledby=\"primaryHeading-2-640638b6\" data-parent=\"#accordion-69e24d884c615\">\n\n                        <div class=\"elementskit-card-body ekit-accordion--content\">\n                            <p><strong>Werden Sie Teil unseres Teams in Leipzig!<\/strong><\/p><p>Wir suchen engagierte und erfahrene Relocation Consultants, die internationale Fachkr\u00e4fte und deren Familien bei ihrer Relocation nach Deutschland unterst\u00fctzen. Wir sind darauf ausgerichtet, den \u00dcbergang in eine neue Heimat so reibungslos und angenehm wie m\u00f6glich zu gestalten.\u00a0<\/p><p><strong>Ihre Aufgaben:<\/strong><\/p><ul><li>Pers\u00f6nliche Betreuung und Unterst\u00fctzung unserer Expats bei der Eingew\u00f6hnung in Leipzig.<\/li><li>Hilfestellung bei Beh\u00f6rdeng\u00e4ngen, Kontoer\u00f6ffnungen, Anmeldungen in Kinderg\u00e4rten und Schulen.<\/li><li>Vorauswahl und Begleitung bei Wohnungsbesichtigungen entsprechend den Anforderungen der Expatriates.<\/li><li>Organisation und Koordination aller umzugsrelevanten Angelegenheiten.<\/li><\/ul><p><strong>Ihr Profil:<\/strong><\/p><ul><li>Gute Kenntnisse des Gro\u00dfraums Leipzig.<\/li><li>Erfahrung im Umgang mit deutschen Beh\u00f6rden und Kenntnisse des Leipziger Immobilienmarkts.<\/li><li>Ausgezeichnete Kommunikationsf\u00e4higkeit und diplomatisches Geschick.<\/li><li>Starke Kundenorientierung und ausgepr\u00e4gter Servicegedanke.<\/li><li>Flie\u00dfende Deutsch- und Englischkenntnisse; eine weitere Sprache ist ein Plus.<\/li><li>G\u00fcltiger F\u00fchrerschein.<\/li><li>Eigene Auslandserfahrung als Expat ist vorteilhaft.<\/li><\/ul><p><strong>Wir bieten:<\/strong><\/p><ul><li>Flexible Arbeitszeiten und faire Verg\u00fctung.<\/li><li>Ein angenehmes Betriebsklima und spannende Aufgaben mit interessanten Kunden.<\/li><li>Fortbildungen und Webinare zur fachlichen Weiterentwicklung.<\/li><\/ul><p><strong>Interessiert?<\/strong><\/p><p>Wenn Sie sich in dieser Beschreibung wiederfinden und Teil unseres dynamischen Teams werden m\u00f6chten, senden Sie uns Ihre Bewerbung zu. Wir freuen uns darauf, Sie kennenzulernen!<\/p>                        <\/div>\n\n                    <\/div>\n\n                <\/div><!-- .elementskit-card END -->\n\n                                        <\/div>\n    <\/div>\t\t<\/div>\n\t\t\t\t<\/div>\n\t\t\t\t\t<\/div>\n\t\t<\/div>\n\t\t\t\t<div class=\"elementor-column elementor-col-33 elementor-top-column elementor-element elementor-element-5f3ad13\" data-id=\"5f3ad13\" data-element_type=\"column\">\n\t\t\t<div class=\"elementor-widget-wrap\">\n\t\t\t\t\t\t\t<\/div>\n\t\t<\/div>\n\t\t\t\t\t<\/div>\n\t\t<\/section>\n\t\t\t\t<\/div>","protected":false},"excerpt":{"rendered":"<p>Karriere Jetzt unserem Team beitreten Wir freuen uns immer neue, kulturell aufgeschlossene K\u00f6pfe in unserem Team begr\u00fc\u00dfen zu d\u00fcrfen! Jetzt loslegen Unsere Stellenanzeigen Freiberufliche\/r Relocation Consultant (m\/w\/d) in Berlin Werden Teil unseres Teams in Berlin! Wir suchen engagierte und erfahrene Relocation Consultants, die internationale Fachkr\u00e4fte und deren Familien bei ihrer Relocation nach Deutschland unterst\u00fctzen. Wir [&hellip;]<\/p>","protected":false},"author":1,"featured_media":0,"parent":0,"menu_order":0,"comment_status":"closed","ping_status":"closed","template":"elementor_header_footer","meta":{"footnotes":""},"class_list":["post-659","page","type-page","status-publish","hentry"],"aioseo_notices":[],"_links":{"self":[{"href":"https:\/\/pnb-solutions.de\/en\/wp-json\/wp\/v2\/pages\/659","targetHints":{"allow":["GET"]}}],"collection":[{"href":"https:\/\/pnb-solutions.de\/en\/wp-json\/wp\/v2\/pages"}],"about":[{"href":"https:\/\/pnb-solutions.de\/en\/wp-json\/wp\/v2\/types\/page"}],"author":[{"embeddable":true,"href":"https:\/\/pnb-solutions.de\/en\/wp-json\/wp\/v2\/users\/1"}],"replies":[{"embeddable":true,"href":"https:\/\/pnb-solutions.de\/en\/wp-json\/wp\/v2\/comments?post=659"}],"version-history":[{"count":24,"href":"https:\/\/pnb-solutions.de\/en\/wp-json\/wp\/v2\/pages\/659\/revisions"}],"predecessor-version":[{"id":3693,"href":"https:\/\/pnb-solutions.de\/en\/wp-json\/wp\/v2\/pages\/659\/revisions\/3693"}],"wp:attachment":[{"href":"https:\/\/pnb-solutions.de\/en\/wp-json\/wp\/v2\/media?parent=659"}],"curies":[{"name":"wp","href":"https:\/\/api.w.org\/{rel}","templated":true}]}}