{"id":2900,"date":"2023-07-24T20:41:01","date_gmt":"2023-07-24T18:41:01","guid":{"rendered":"https:\/\/pnb-relocation.de\/?page_id=512"},"modified":"2026-02-11T22:28:47","modified_gmt":"2026-02-11T20:28:47","slug":"unternehmen","status":"publish","type":"page","link":"https:\/\/pnb-solutions.de\/en\/unternehmen\/","title":{"rendered":"Unternehmen"},"content":{"rendered":"<div data-elementor-type=\"wp-page\" data-elementor-id=\"2900\" class=\"elementor elementor-2900\" data-elementor-post-type=\"page\">\n\t\t\t\t\t\t<section class=\"elementor-section elementor-top-section elementor-element elementor-element-6fde5c61 elementor-section-height-min-height elementor-reverse-mobile elementor-section-boxed elementor-section-height-default elementor-section-items-middle\" data-id=\"6fde5c61\" data-element_type=\"section\" data-settings=\"{&quot;background_background&quot;:&quot;classic&quot;}\">\n\t\t\t\t\t\t\t<div class=\"elementor-background-overlay\"><\/div>\n\t\t\t\t\t\t\t<div class=\"elementor-container elementor-column-gap-default\">\n\t\t\t\t\t<div class=\"elementor-column elementor-col-100 elementor-top-column elementor-element elementor-element-4ea124cb\" data-id=\"4ea124cb\" data-element_type=\"column\">\n\t\t\t<div class=\"elementor-widget-wrap elementor-element-populated\">\n\t\t\t\t\t\t<div class=\"elementor-element elementor-element-75e3f267 de_scroll_animation_no elementor-invisible elementor-widget elementor-widget-heading\" data-id=\"75e3f267\" data-element_type=\"widget\" data-settings=\"{&quot;_animation&quot;:&quot;fadeInUp&quot;}\" data-widget_type=\"heading.default\">\n\t\t\t\t<div class=\"elementor-widget-container\">\n\t\t\t<h2 class=\"elementor-heading-title elementor-size-default\">PNB Solutions GmbH<\/h2>\t\t<\/div>\n\t\t\t\t<\/div>\n\t\t\t\t\t<\/div>\n\t\t<\/div>\n\t\t\t\t\t<\/div>\n\t\t<\/section>\n\t\t\t\t<section class=\"elementor-section elementor-top-section elementor-element elementor-element-506be334 elementor-reverse-tablet elementor-reverse-mobile elementor-section-boxed elementor-section-height-default elementor-section-height-default\" data-id=\"506be334\" data-element_type=\"section\" data-settings=\"{&quot;background_background&quot;:&quot;classic&quot;}\">\n\t\t\t\t\t\t<div class=\"elementor-container elementor-column-gap-default\">\n\t\t\t\t\t<div class=\"elementor-column elementor-col-100 elementor-top-column elementor-element elementor-element-6f94ad56\" data-id=\"6f94ad56\" data-element_type=\"column\">\n\t\t\t<div class=\"elementor-widget-wrap elementor-element-populated\">\n\t\t\t\t\t\t<section class=\"elementor-section elementor-inner-section elementor-element elementor-element-388ede83 elementor-section-boxed elementor-section-height-default elementor-section-height-default\" data-id=\"388ede83\" data-element_type=\"section\">\n\t\t\t\t\t\t<div class=\"elementor-container elementor-column-gap-default\">\n\t\t\t\t\t<div class=\"elementor-column elementor-col-100 elementor-inner-column elementor-element elementor-element-32b7845b\" data-id=\"32b7845b\" data-element_type=\"column\">\n\t\t\t<div class=\"elementor-widget-wrap elementor-element-populated\">\n\t\t\t\t\t\t<div class=\"elementor-element elementor-element-6861b162 de_scroll_animation_no elementor-invisible elementor-widget elementor-widget-heading\" data-id=\"6861b162\" data-element_type=\"widget\" data-settings=\"{&quot;_animation&quot;:&quot;fadeInUp&quot;,&quot;_animation_delay&quot;:200}\" data-widget_type=\"heading.default\">\n\t\t\t\t<div class=\"elementor-widget-container\">\n\t\t\t<h2 class=\"elementor-heading-title elementor-size-default\">StartUp <\/h2>\t\t<\/div>\n\t\t\t\t<\/div>\n\t\t\t\t<div class=\"elementor-element elementor-element-286d4225 de_scroll_animation_no elementor-invisible elementor-widget elementor-widget-text-editor\" data-id=\"286d4225\" data-element_type=\"widget\" data-settings=\"{&quot;_animation&quot;:&quot;fadeInUp&quot;,&quot;_animation_delay&quot;:400}\" data-widget_type=\"text-editor.default\">\n\t\t\t\t<div class=\"elementor-widget-container\">\n\t\t\t\t\t\t\t<p class=\"\" data-start=\"938\" data-end=\"1190\">Die <strong data-start=\"943\" data-end=\"965\">PNB Solutions GmbH<\/strong> ist ein innovatives Startup aus Dresden, das sich auf die Entwicklung von L\u00f6sungen f\u00fcr globale Herausforderungen spezialisiert hat. Gegr\u00fcndet wurde das Unternehmen im April 2021 in \u2665 Dresden.<\/p><p class=\"\" data-start=\"1192\" data-end=\"1435\">W\u00e4hrend der Pandemie haben wir erfolgreich Konzepte entwickelt, die es erm\u00f6glichten, Messen und Konzerte unter den neuen Bedingungen durchzuf\u00fchren. Dieser Erfolg war der erste Schritt, um innovative L\u00f6sungen in der Gesch\u00e4ftswelt zu etablieren.<\/p><p class=\"\" data-start=\"1437\" data-end=\"1905\">Im Jahr 2023 haben wir das wachsende Problem des Fachkr\u00e4ftemangels erkannt und unser Projekt \u201eRelocation\u201c ins Leben gerufen. Daraus ist ein Unternehmen f\u00fcr <strong data-start=\"1593\" data-end=\"1620\">Global Talent Solutions<\/strong> entstanden, das internationale Fachkr\u00e4fte bei Relocation und Immigration unterst\u00fctzt. Unser Fokus liegt auf der Entwicklung effizienter technischer L\u00f6sungen, die Unternehmen bei der erfolgreichen Integration ausl\u00e4ndischer Mitarbeiter durch Visa- und Immigrationsprozesse unterst\u00fctzen.<\/p><p class=\"\" data-start=\"1907\" data-end=\"2060\">Unser Ziel ist es, die <strong data-start=\"1930\" data-end=\"1952\">PNB Solutions GmbH<\/strong> zu einem f\u00fchrenden Anbieter innovativer HR-L\u00f6sungen zu machen, die den Talenten von morgen gerecht werden<\/p>\t\t\t\t\t\t<\/div>\n\t\t\t\t<\/div>\n\t\t\t\t\t<\/div>\n\t\t<\/div>\n\t\t\t\t\t<\/div>\n\t\t<\/section>\n\t\t\t\t\t<\/div>\n\t\t<\/div>\n\t\t\t\t\t<\/div>\n\t\t<\/section>\n\t\t\t\t<section class=\"elementor-section elementor-top-section elementor-element elementor-element-2fac1130 elementor-reverse-mobile elementor-section-boxed elementor-section-height-default elementor-section-height-default\" data-id=\"2fac1130\" data-element_type=\"section\" data-settings=\"{&quot;background_background&quot;:&quot;classic&quot;}\">\n\t\t\t\t\t\t<div class=\"elementor-container elementor-column-gap-default\">\n\t\t\t\t\t<div class=\"elementor-column elementor-col-100 elementor-top-column elementor-element elementor-element-29ed9ebe\" data-id=\"29ed9ebe\" data-element_type=\"column\">\n\t\t\t<div class=\"elementor-widget-wrap elementor-element-populated\">\n\t\t\t\t\t\t<div class=\"elementor-element elementor-element-7a501f de_scroll_animation_no elementor-invisible elementor-widget elementor-widget-text-editor\" data-id=\"7a501f\" data-element_type=\"widget\" data-settings=\"{&quot;_animation&quot;:&quot;fadeInUp&quot;}\" data-widget_type=\"text-editor.default\">\n\t\t\t\t<div class=\"elementor-widget-container\">\n\t\t\t\t\t\t\t<p>Unser Team<\/p>\t\t\t\t\t\t<\/div>\n\t\t\t\t<\/div>\n\t\t\t\t\t<\/div>\n\t\t<\/div>\n\t\t\t\t\t<\/div>\n\t\t<\/section>\n\t\t\t\t<section class=\"elementor-section elementor-top-section elementor-element elementor-element-8cb6173 elementor-section-boxed elementor-section-height-default elementor-section-height-default\" data-id=\"8cb6173\" data-element_type=\"section\" data-settings=\"{&quot;background_background&quot;:&quot;classic&quot;}\">\n\t\t\t\t\t\t<div class=\"elementor-container elementor-column-gap-default\">\n\t\t\t\t\t<div class=\"elementor-column elementor-col-33 elementor-top-column elementor-element elementor-element-1e0fee5\" data-id=\"1e0fee5\" data-element_type=\"column\">\n\t\t\t<div class=\"elementor-widget-wrap elementor-element-populated\">\n\t\t\t\t\t\t<div class=\"elementor-element elementor-element-32a3997 de_scroll_animation_no elementor-widget elementor-widget-elementskit-team\" data-id=\"32a3997\" data-element_type=\"widget\" data-widget_type=\"elementskit-team.default\">\n\t\t\t\t<div class=\"elementor-widget-container\">\n\t\t\t<div class=\"ekit-wid-con\">\t\t\t\t\t\t\t\t\n\t\t<div class=\"profile-card elementor-animation- text-center ekit-team-style-default\">\n\t\t\t\t\t\t\n\t\t\t\t<div class=\"profile-header ekit-team-img ekit-img-overlay ekit-team-img-block\" >\n\t\t\t\t\t<img fetchpriority=\"high\" decoding=\"async\" width=\"792\" height=\"888\" src=\"https:\/\/pnb-solutions.de\/wp-content\/uploads\/2026\/02\/Bildschirmfoto-2026-02-11-um-21.26.52.png\" class=\"attachment-large size-large wp-image-3696\" alt=\"\" srcset=\"https:\/\/pnb-solutions.de\/wp-content\/uploads\/2026\/02\/Bildschirmfoto-2026-02-11-um-21.26.52.png 792w, https:\/\/pnb-solutions.de\/wp-content\/uploads\/2026\/02\/Bildschirmfoto-2026-02-11-um-21.26.52-268x300.png 268w, https:\/\/pnb-solutions.de\/wp-content\/uploads\/2026\/02\/Bildschirmfoto-2026-02-11-um-21.26.52-768x861.png 768w, https:\/\/pnb-solutions.de\/wp-content\/uploads\/2026\/02\/Bildschirmfoto-2026-02-11-um-21.26.52-11x12.png 11w\" sizes=\"(max-width: 792px) 100vw, 792px\" \/>\t\t\t\t<\/div><!-- .profile-header END -->\n\t\t\t\t\t\t\n\n\t\t\t\t<div class=\"profile-body\">\n\t\t\t\t\t\n\t\t\t\t\t<h2 class=\"profile-title\">\n\t\t\t\t\t\t\t\t\t\t\tPaul Nordmann\t\t\t\t\t\t\t\t\t\t<\/h2>\n\t\t\t\t\t<p class=\"profile-designation\">Founder &amp; CEO<\/p>\n\t\t\t\t\t\t\t\t\t<\/div><!-- .profile-body END -->\n\n\t\t\t\t\t\t\t\t\t<div class=\"profile-footer\">\n\t\t\t\t\t\t<ul class=\"ekit-team-social-list\">\n\t\t\t<li class=\"elementor-repeater-item-63db9d2\">\n\t\t\t<a href=\"https:\/\/www.linkedin.com\/in\/paul-pnb-solutions\" aria-label=\"Linkedin\">\n\t\t\t\t<i aria-hidden=\"true\" class=\"icon icon-linkedin\"><\/i>\t\t\t<\/a>\n\t\t<\/li>\n\t<\/ul>\n\t\t\t\t\t<\/div>\n\t\t\t\t\t\t\t\t\t<\/div>\n\t\t\t\t\t\t\t\n\t\t\t\n\t\t\t\t<\/div>\t\t<\/div>\n\t\t\t\t<\/div>\n\t\t\t\t\t<\/div>\n\t\t<\/div>\n\t\t\t\t<div class=\"elementor-column elementor-col-33 elementor-top-column elementor-element elementor-element-c6605b2\" data-id=\"c6605b2\" data-element_type=\"column\">\n\t\t\t<div class=\"elementor-widget-wrap elementor-element-populated\">\n\t\t\t\t\t\t<div class=\"elementor-element elementor-element-3e55fdd de_scroll_animation_no elementor-widget elementor-widget-elementskit-team\" data-id=\"3e55fdd\" data-element_type=\"widget\" data-widget_type=\"elementskit-team.default\">\n\t\t\t\t<div class=\"elementor-widget-container\">\n\t\t\t<div class=\"ekit-wid-con\">\t\t\t\t\t\t\t\t\n\t\t<div class=\"profile-card elementor-animation- text-center ekit-team-style-default\">\n\t\t\t\t\t\t\n\t\t\t\t<div class=\"profile-header ekit-team-img ekit-img-overlay ekit-team-img-block\" >\n\t\t\t\t\t<img decoding=\"async\" width=\"460\" height=\"460\" src=\"https:\/\/pnb-solutions.de\/wp-content\/uploads\/2024\/10\/113886562.jpeg\" class=\"attachment-large size-large wp-image-3419\" alt=\"\" srcset=\"https:\/\/pnb-solutions.de\/wp-content\/uploads\/2024\/10\/113886562.jpeg 460w, https:\/\/pnb-solutions.de\/wp-content\/uploads\/2024\/10\/113886562-300x300.jpeg 300w, https:\/\/pnb-solutions.de\/wp-content\/uploads\/2024\/10\/113886562-150x150.jpeg 150w, https:\/\/pnb-solutions.de\/wp-content\/uploads\/2024\/10\/113886562-12x12.jpeg 12w\" sizes=\"(max-width: 460px) 100vw, 460px\" \/>\t\t\t\t<\/div><!-- .profile-header END -->\n\t\t\t\t\t\t\n\n\t\t\t\t<div class=\"profile-body\">\n\t\t\t\t\t\n\t\t\t\t\t<h2 class=\"profile-title\">\n\t\t\t\t\t\t\t\t\t\t\tAlexej Zikunow\t\t\t\t\t\t\t\t\t\t<\/h2>\n\t\t\t\t\t<p class=\"profile-designation\">Machine Learning Engineer<\/p>\n\t\t\t\t\t\t\t\t\t<\/div><!-- .profile-body END -->\n\n\t\t\t\t\t\t\t\t\t<div class=\"profile-footer\">\n\t\t\t\t\t\t<ul class=\"ekit-team-social-list\">\n\t\t\t<li class=\"elementor-repeater-item-63db9d2\">\n\t\t\t<a href=\"https:\/\/www.linkedin.com\/company\/pnb-solutions-gmbh\" aria-label=\"Linkedin\">\n\t\t\t\t<i aria-hidden=\"true\" class=\"icon icon-linkedin\"><\/i>\t\t\t<\/a>\n\t\t<\/li>\n\t<\/ul>\n\t\t\t\t\t<\/div>\n\t\t\t\t\t\t\t\t\t<\/div>\n\t\t\t\t\t\t\t\n\t\t\t\n\t\t\t\t<\/div>\t\t<\/div>\n\t\t\t\t<\/div>\n\t\t\t\t\t<\/div>\n\t\t<\/div>\n\t\t\t\t<div class=\"elementor-column elementor-col-33 elementor-top-column elementor-element elementor-element-4996f7b\" data-id=\"4996f7b\" data-element_type=\"column\">\n\t\t\t<div class=\"elementor-widget-wrap elementor-element-populated\">\n\t\t\t\t\t\t<div class=\"elementor-element elementor-element-4abba0c de_scroll_animation_no elementor-widget elementor-widget-elementskit-team\" data-id=\"4abba0c\" data-element_type=\"widget\" data-widget_type=\"elementskit-team.default\">\n\t\t\t\t<div class=\"elementor-widget-container\">\n\t\t\t<div class=\"ekit-wid-con\">\t\t\t\t\t\t\t\t\n\t\t<div class=\"profile-card elementor-animation- text-center ekit-team-style-default\">\n\t\t\t\t\t\t\n\t\t\t\t<div class=\"profile-header ekit-team-img ekit-img-overlay ekit-team-img-block\" >\n\t\t\t\t\t<img decoding=\"async\" width=\"800\" height=\"800\" src=\"https:\/\/pnb-solutions.de\/wp-content\/uploads\/2024\/10\/Cute-Anime-Cartoon-Illustration-Girl-Avatar-1-1024x1024.png\" class=\"attachment-large size-large wp-image-3263\" alt=\"\" srcset=\"https:\/\/pnb-solutions.de\/wp-content\/uploads\/2024\/10\/Cute-Anime-Cartoon-Illustration-Girl-Avatar-1-1024x1024.png 1024w, https:\/\/pnb-solutions.de\/wp-content\/uploads\/2024\/10\/Cute-Anime-Cartoon-Illustration-Girl-Avatar-1-300x300.png 300w, https:\/\/pnb-solutions.de\/wp-content\/uploads\/2024\/10\/Cute-Anime-Cartoon-Illustration-Girl-Avatar-1-150x150.png 150w, https:\/\/pnb-solutions.de\/wp-content\/uploads\/2024\/10\/Cute-Anime-Cartoon-Illustration-Girl-Avatar-1-768x768.png 768w, https:\/\/pnb-solutions.de\/wp-content\/uploads\/2024\/10\/Cute-Anime-Cartoon-Illustration-Girl-Avatar-1-12x12.png 12w, https:\/\/pnb-solutions.de\/wp-content\/uploads\/2024\/10\/Cute-Anime-Cartoon-Illustration-Girl-Avatar-1.png 1080w\" sizes=\"(max-width: 800px) 100vw, 800px\" \/>\t\t\t\t<\/div><!-- .profile-header END -->\n\t\t\t\t\t\t\n\n\t\t\t\t<div class=\"profile-body\">\n\t\t\t\t\t\n\t\t\t\t\t<h2 class=\"profile-title\">\n\t\t\t\t\t\t\t\t\t\t\tElise Nitschke\t\t\t\t\t\t\t\t\t\t<\/h2>\n\t\t\t\t\t<p class=\"profile-designation\">Back Office<\/p>\n\t\t\t\t\t\t\t\t\t<\/div><!-- .profile-body END -->\n\n\t\t\t\t\t\t\t\t\t<div class=\"profile-footer\">\n\t\t\t\t\t\t<ul class=\"ekit-team-social-list\">\n\t\t\t<li class=\"elementor-repeater-item-63db9d2\">\n\t\t\t<a href=\"https:\/\/www.linkedin.com\/company\/pnb-solutions-gmbh\" aria-label=\"Linkedin\">\n\t\t\t\t<i aria-hidden=\"true\" class=\"icon icon-linkedin\"><\/i>\t\t\t<\/a>\n\t\t<\/li>\n\t<\/ul>\n\t\t\t\t\t<\/div>\n\t\t\t\t\t\t\t\t\t<\/div>\n\t\t\t\t\t\t\t\n\t\t\t\n\t\t\t\t<\/div>\t\t<\/div>\n\t\t\t\t<\/div>\n\t\t\t\t\t<\/div>\n\t\t<\/div>\n\t\t\t\t\t<\/div>\n\t\t<\/section>\n\t\t\t\t<section class=\"elementor-section elementor-top-section elementor-element elementor-element-1edf066 elementor-section-boxed elementor-section-height-default elementor-section-height-default\" data-id=\"1edf066\" data-element_type=\"section\" data-settings=\"{&quot;background_background&quot;:&quot;classic&quot;}\">\n\t\t\t\t\t\t<div class=\"elementor-container elementor-column-gap-default\">\n\t\t\t\t\t<div class=\"elementor-column elementor-col-50 elementor-top-column elementor-element elementor-element-5b01807c\" data-id=\"5b01807c\" data-element_type=\"column\">\n\t\t\t<div class=\"elementor-widget-wrap elementor-element-populated\">\n\t\t\t\t\t\t<div class=\"elementor-element elementor-element-2f52e895 de_scroll_animation_no elementor-invisible elementor-widget elementor-widget-text-editor\" data-id=\"2f52e895\" data-element_type=\"widget\" data-settings=\"{&quot;_animation&quot;:&quot;fadeInUp&quot;}\" data-widget_type=\"text-editor.default\">\n\t\t\t\t<div class=\"elementor-widget-container\">\n\t\t\t\t\t\t\t<p>Wir sind hier\u00a0<\/p>\t\t\t\t\t\t<\/div>\n\t\t\t\t<\/div>\n\t\t\t\t<div class=\"elementor-element elementor-element-387cdab4 de_scroll_animation_no elementor-invisible elementor-widget elementor-widget-heading\" data-id=\"387cdab4\" data-element_type=\"widget\" data-settings=\"{&quot;_animation&quot;:&quot;fadeInUp&quot;,&quot;_animation_delay&quot;:200}\" data-widget_type=\"heading.default\">\n\t\t\t\t<div class=\"elementor-widget-container\">\n\t\t\t<h2 class=\"elementor-heading-title elementor-size-default\">PNB Office<\/h2>\t\t<\/div>\n\t\t\t\t<\/div>\n\t\t\t\t<div class=\"elementor-element elementor-element-7cdc3bab de_scroll_animation_no elementor-invisible elementor-widget elementor-widget-text-editor\" data-id=\"7cdc3bab\" data-element_type=\"widget\" data-settings=\"{&quot;_animation&quot;:&quot;fadeInUp&quot;,&quot;_animation_delay&quot;:400}\" data-widget_type=\"text-editor.default\">\n\t\t\t\t<div class=\"elementor-widget-container\">\n\t\t\t\t\t\t\t<p>Unser Hauptquartier befindet sich im Herzen des Stadtteils Striesen im Businesspark Dresden<\/p>\t\t\t\t\t\t<\/div>\n\t\t\t\t<\/div>\n\t\t\t\t<section class=\"elementor-section elementor-inner-section elementor-element elementor-element-3c8db4c0 elementor-section-boxed elementor-section-height-default elementor-section-height-default\" data-id=\"3c8db4c0\" data-element_type=\"section\">\n\t\t\t\t\t\t<div class=\"elementor-container elementor-column-gap-default\">\n\t\t\t\t\t<div class=\"elementor-column elementor-col-50 elementor-inner-column elementor-element elementor-element-56ab4ca6\" data-id=\"56ab4ca6\" data-element_type=\"column\">\n\t\t\t<div class=\"elementor-widget-wrap elementor-element-populated\">\n\t\t\t\t\t\t<div class=\"elementor-element elementor-element-24019d41 ekit-equal-height-disable de_scroll_animation_no elementor-invisible elementor-widget elementor-widget-elementskit-icon-box\" data-id=\"24019d41\" data-element_type=\"widget\" data-settings=\"{&quot;_animation&quot;:&quot;fadeIn&quot;,&quot;_animation_delay&quot;:600}\" data-widget_type=\"elementskit-icon-box.default\">\n\t\t\t\t<div class=\"elementor-widget-container\">\n\t\t\t<div class=\"ekit-wid-con\" >        <!-- link opening -->\n                <a href=\"#\" class=\"ekit_global_links\">\n                <!-- end link opening -->\n\n        <div class=\"elementskit-infobox text-left text-left icon-lef-right-aligin elementor-animation- media\">\n                    <div class=\"elementskit-box-header elementor-animation-\">\n                <div class=\"elementskit-info-box-icon  text-center\">\n                    <i aria-hidden=\"true\" class=\"elementkit-infobox-icon fas fa-map-marker-alt\"><\/i>\n                <\/div>\n          <\/div>\n                        <div class=\"box-body\">\n                            <h4 class=\"elementskit-info-box-title\">\n                    Addresse                <\/h4>\n                        \t\t  <p>Bertolt-Brecht-Allee 24, 01309 Dresden<\/p>\n                                <\/div>\n        \n        \n                <\/div>\n                <\/a>\n        <\/div>\t\t<\/div>\n\t\t\t\t<\/div>\n\t\t\t\t\t<\/div>\n\t\t<\/div>\n\t\t\t\t<div class=\"elementor-column elementor-col-50 elementor-inner-column elementor-element elementor-element-34c5b21b\" data-id=\"34c5b21b\" data-element_type=\"column\">\n\t\t\t<div class=\"elementor-widget-wrap elementor-element-populated\">\n\t\t\t\t\t\t<div class=\"elementor-element elementor-element-44f0108 elementor-hidden-desktop de_scroll_animation_no elementor-widget elementor-widget-image\" data-id=\"44f0108\" data-element_type=\"widget\" data-widget_type=\"image.default\">\n\t\t\t\t<div class=\"elementor-widget-container\">\n\t\t\t\t\t\t\t\t\t\t\t\t\t<img loading=\"lazy\" decoding=\"async\" width=\"800\" height=\"600\" src=\"https:\/\/pnb-solutions.de\/wp-content\/uploads\/2024\/09\/businesspark-1024x768.jpg\" class=\"attachment-large size-large wp-image-2907\" alt=\"\" srcset=\"https:\/\/pnb-solutions.de\/wp-content\/uploads\/2024\/09\/businesspark-1024x768.jpg 1024w, https:\/\/pnb-solutions.de\/wp-content\/uploads\/2024\/09\/businesspark-300x225.jpg 300w, https:\/\/pnb-solutions.de\/wp-content\/uploads\/2024\/09\/businesspark-768x576.jpg 768w, https:\/\/pnb-solutions.de\/wp-content\/uploads\/2024\/09\/businesspark-1536x1152.jpg 1536w, https:\/\/pnb-solutions.de\/wp-content\/uploads\/2024\/09\/businesspark-2048x1536.jpg 2048w, https:\/\/pnb-solutions.de\/wp-content\/uploads\/2024\/09\/businesspark-16x12.jpg 16w\" sizes=\"(max-width: 800px) 100vw, 800px\" \/>\t\t\t\t\t\t\t\t\t\t\t\t\t<\/div>\n\t\t\t\t<\/div>\n\t\t\t\t<div class=\"elementor-element elementor-element-22daa233 de_scroll_animation_no elementor-widget elementor-widget-heading\" data-id=\"22daa233\" data-element_type=\"widget\" data-widget_type=\"heading.default\">\n\t\t\t\t<div class=\"elementor-widget-container\">\n\t\t\t<h4 class=\"elementor-heading-title elementor-size-default\">Follow Us<\/h4>\t\t<\/div>\n\t\t\t\t<\/div>\n\t\t\t\t<div class=\"elementor-element elementor-element-30a00d4 e-grid-align-left e-grid-align-mobile-center elementor-shape-rounded elementor-grid-0 de_scroll_animation_no elementor-widget elementor-widget-social-icons\" data-id=\"30a00d4\" data-element_type=\"widget\" data-widget_type=\"social-icons.default\">\n\t\t\t\t<div class=\"elementor-widget-container\">\n\t\t\t\t\t<div class=\"elementor-social-icons-wrapper elementor-grid\">\n\t\t\t\t\t\t\t<span class=\"elementor-grid-item\">\n\t\t\t\t\t<a class=\"elementor-icon elementor-social-icon elementor-social-icon-instagram elementor-animation-float elementor-repeater-item-a74afae\" href=\"https:\/\/www.instagram.com\/pnb_relocation_agency\/\" target=\"_blank\">\n\t\t\t\t\t\t<span class=\"elementor-screen-only\">Instagram<\/span>\n\t\t\t\t\t\t<i class=\"fab fa-instagram\"><\/i>\t\t\t\t\t<\/a>\n\t\t\t\t<\/span>\n\t\t\t\t\t\t\t<span class=\"elementor-grid-item\">\n\t\t\t\t\t<a class=\"elementor-icon elementor-social-icon elementor-social-icon-linkedin elementor-animation-float elementor-repeater-item-5e217ca\" href=\"https:\/\/www.linkedin.com\/company\/pnb-solutions-gmbh\" target=\"_blank\">\n\t\t\t\t\t\t<span class=\"elementor-screen-only\">Linkedin<\/span>\n\t\t\t\t\t\t<i class=\"fab fa-linkedin\"><\/i>\t\t\t\t\t<\/a>\n\t\t\t\t<\/span>\n\t\t\t\t\t<\/div>\n\t\t\t\t<\/div>\n\t\t\t\t<\/div>\n\t\t\t\t\t<\/div>\n\t\t<\/div>\n\t\t\t\t\t<\/div>\n\t\t<\/section>\n\t\t\t\t\t<\/div>\n\t\t<\/div>\n\t\t\t\t<div class=\"elementor-column elementor-col-50 elementor-top-column elementor-element elementor-element-38049043 elementor-hidden-tablet elementor-hidden-mobile elementor-invisible\" data-id=\"38049043\" data-element_type=\"column\" data-settings=\"{&quot;background_background&quot;:&quot;classic&quot;,&quot;animation&quot;:&quot;fadeIn&quot;}\">\n\t\t\t<div class=\"elementor-widget-wrap\">\n\t\t\t\t\t\t\t<\/div>\n\t\t<\/div>\n\t\t\t\t\t<\/div>\n\t\t<\/section>\n\t\t\t\t<\/div>","protected":false},"excerpt":{"rendered":"<p>PNB Solutions GmbH StartUp Die PNB Solutions GmbH ist ein innovatives Startup aus Dresden, das sich auf die Entwicklung von L\u00f6sungen f\u00fcr globale Herausforderungen spezialisiert hat. Gegr\u00fcndet wurde das Unternehmen im April 2021 in \u2665 Dresden. W\u00e4hrend der Pandemie haben wir erfolgreich Konzepte entwickelt, die es erm\u00f6glichten, Messen und Konzerte unter den neuen Bedingungen durchzuf\u00fchren. [&hellip;]<\/p>","protected":false},"author":1,"featured_media":0,"parent":0,"menu_order":0,"comment_status":"closed","ping_status":"closed","template":"elementor_header_footer","meta":{"footnotes":""},"class_list":["post-2900","page","type-page","status-publish","hentry"],"aioseo_notices":[],"_links":{"self":[{"href":"https:\/\/pnb-solutions.de\/en\/wp-json\/wp\/v2\/pages\/2900","targetHints":{"allow":["GET"]}}],"collection":[{"href":"https:\/\/pnb-solutions.de\/en\/wp-json\/wp\/v2\/pages"}],"about":[{"href":"https:\/\/pnb-solutions.de\/en\/wp-json\/wp\/v2\/types\/page"}],"author":[{"embeddable":true,"href":"https:\/\/pnb-solutions.de\/en\/wp-json\/wp\/v2\/users\/1"}],"replies":[{"embeddable":true,"href":"https:\/\/pnb-solutions.de\/en\/wp-json\/wp\/v2\/comments?post=2900"}],"version-history":[{"count":121,"href":"https:\/\/pnb-solutions.de\/en\/wp-json\/wp\/v2\/pages\/2900\/revisions"}],"predecessor-version":[{"id":3699,"href":"https:\/\/pnb-solutions.de\/en\/wp-json\/wp\/v2\/pages\/2900\/revisions\/3699"}],"wp:attachment":[{"href":"https:\/\/pnb-solutions.de\/en\/wp-json\/wp\/v2\/media?parent=2900"}],"curies":[{"name":"wp","href":"https:\/\/api.w.org\/{rel}","templated":true}]}}