{"id":1771,"date":"2023-08-14T22:01:01","date_gmt":"2023-08-14T20:01:01","guid":{"rendered":"http:\/\/pnb-solutions.de\/?page_id=1771"},"modified":"2024-10-09T13:06:46","modified_gmt":"2024-10-09T11:06:46","slug":"impressum","status":"publish","type":"page","link":"https:\/\/pnb-solutions.de\/en\/impressum\/","title":{"rendered":"Impressum"},"content":{"rendered":"<div data-elementor-type=\"wp-page\" data-elementor-id=\"1771\" class=\"elementor elementor-1771\" data-elementor-post-type=\"page\">\n\t\t\t\t\t\t<section class=\"elementor-section elementor-top-section elementor-element elementor-element-9b66b42 elementor-section-boxed elementor-section-height-default elementor-section-height-default\" data-id=\"9b66b42\" data-element_type=\"section\">\n\t\t\t\t\t\t<div class=\"elementor-container elementor-column-gap-default\">\n\t\t\t\t\t<div class=\"elementor-column elementor-col-100 elementor-top-column elementor-element elementor-element-1f0dbdd\" data-id=\"1f0dbdd\" data-element_type=\"column\">\n\t\t\t<div class=\"elementor-widget-wrap elementor-element-populated\">\n\t\t\t\t\t\t<div class=\"elementor-element elementor-element-f154ad2 de_scroll_animation_no elementor-widget elementor-widget-html\" data-id=\"f154ad2\" data-element_type=\"widget\" data-widget_type=\"html.default\">\n\t\t\t\t<div class=\"elementor-widget-container\">\n\t\t\t<h1>Impressum<\/h1>\r\n\r\n\r\n<h3>Angaben gem&auml;&szlig; &sect; 5 TMG<\/h3>\r\n<p>PNB Solutions GmbH<br \/>\r\nBertolt-Brecht-Allee 24<br \/>\r\n01309 Dresden<\/p>\r\n\r\n<p>Handelsregister: HRB 41200<br \/>\r\nRegistergericht: Amtsgericht Dresden<\/p>\r\n\r\n<p><strong>Vertreten durch:<\/strong><br \/>\r\n<p>PNB Solutions GmbH<br \/>\r\nPaul Nordmann<br \/>\r\nBertolt-Brecht-Allee 24<br \/>\r\n01309 Dresden<\/p>\r\n\r\n\r\n<h3>Kontakt<\/h3>\r\n<p>Telefon: +49 351 89667413<br \/>\r\nE-Mail: info@pnb-solutions.de<\/p>\r\n\r\n<h3>Umsatzsteuer-ID<\/h3>\r\n<p>Umsatzsteuer-Identifikationsnummer gem&auml;&szlig; &sect; 27 a Umsatzsteuergesetz:<br \/>\r\nDE 341511176<\/p>\r\n<br \/>\r\n<br \/>\r\n<h2>Haftungsausschluss:<\/h2>\r\n\r\n<h4>Inhalt des Onlineangebotes<\/h4>\r\n\r\n<p>F\u00fcr s\u00e4mtliche Inhalte auf unseren Seiten wird trotz sorgf\u00e4ltiger Recherche keine Gew\u00e4hr f\u00fcr Richtigkeit, Aktualit\u00e4t und\/oder Vollst\u00e4ndigkeit \u00fcbernommen.<\/p>\r\n\r\n<h4>Verweise und Links<\/h4>\r\n\r\n<p>Es wird keine Haftung\/Verantwortung f\u00fcr Inhalte auf fremden Webseiten \u00fcbernommen, auf die verlinkt bzw. verwiesen wird. Die Gestaltung dieser Webseiten kann von uns nicht beeinflusst werden, es sind daher deren Betreiber verantwortlich. Die verlinkten Seiten wurden zum Zeitpunkt der Verlinkung auf m\u00f6gliche Rechtsverst\u00f6\u00dfe \u00fcberpr\u00fcft. Rechtswidrige Inhalte waren zum Zeitpunkt der Verlinkung\/Verweisung nicht erkennbar. Eine permanente inhaltliche Kontrolle der verlinkten Seiten ist jedoch ohne konkrete Anhaltspunkte einer Rechtsverletzung nicht zumutbar. Bei Bekanntwerden von Rechtsverletzungen werden wir derartige Links umgehend entfernen.<\/p>\r\n\r\n<p>Sollten Sie der Meinung sein, dass Inhalte auf diesen Seiten gegen Recht versto\u00dfen bzw. Sie sich in Ihren Rechten verletzt f\u00fchlen, wenden Sie sich bitte umgehend an uns.<\/p>\r\n\r\n<p>Bitte lesen Sie die <a href=\"https:\/\/pnb-solutions.de\/en\/datenschutz\/\">Datenschutzerkl\u00e4rung<\/a>.<\/p>\r\n\t\t<\/div>\n\t\t\t\t<\/div>\n\t\t\t\t\t<\/div>\n\t\t<\/div>\n\t\t\t\t\t<\/div>\n\t\t<\/section>\n\t\t\t\t<\/div>","protected":false},"excerpt":{"rendered":"<p>Impressum Angaben gem&auml;&szlig; &sect; 5 TMG PNB Solutions GmbH Bertolt-Brecht-Allee 24 01309 Dresden Handelsregister: HRB 41200 Registergericht: Amtsgericht Dresden Vertreten durch: PNB Solutions GmbH Paul Nordmann Bertolt-Brecht-Allee 24 01309 Dresden Kontakt Telefon: +49 351 89667413 E-Mail: info@pnb-solutions.de Umsatzsteuer-ID Umsatzsteuer-Identifikationsnummer gem&auml;&szlig; &sect; 27 a Umsatzsteuergesetz: DE 341511176 Haftungsausschluss: Inhalt des Onlineangebotes F\u00fcr s\u00e4mtliche Inhalte auf unseren [&hellip;]<\/p>","protected":false},"author":1,"featured_media":0,"parent":0,"menu_order":0,"comment_status":"closed","ping_status":"closed","template":"elementor_header_footer","meta":{"footnotes":""},"class_list":["post-1771","page","type-page","status-publish","hentry"],"aioseo_notices":[],"_links":{"self":[{"href":"https:\/\/pnb-solutions.de\/en\/wp-json\/wp\/v2\/pages\/1771","targetHints":{"allow":["GET"]}}],"collection":[{"href":"https:\/\/pnb-solutions.de\/en\/wp-json\/wp\/v2\/pages"}],"about":[{"href":"https:\/\/pnb-solutions.de\/en\/wp-json\/wp\/v2\/types\/page"}],"author":[{"embeddable":true,"href":"https:\/\/pnb-solutions.de\/en\/wp-json\/wp\/v2\/users\/1"}],"replies":[{"embeddable":true,"href":"https:\/\/pnb-solutions.de\/en\/wp-json\/wp\/v2\/comments?post=1771"}],"version-history":[{"count":16,"href":"https:\/\/pnb-solutions.de\/en\/wp-json\/wp\/v2\/pages\/1771\/revisions"}],"predecessor-version":[{"id":3387,"href":"https:\/\/pnb-solutions.de\/en\/wp-json\/wp\/v2\/pages\/1771\/revisions\/3387"}],"wp:attachment":[{"href":"https:\/\/pnb-solutions.de\/en\/wp-json\/wp\/v2\/media?parent=1771"}],"curies":[{"name":"wp","href":"https:\/\/api.w.org\/{rel}","templated":true}]}}